{"id":177,"date":"2024-04-27T11:59:16","date_gmt":"2024-04-27T09:59:16","guid":{"rendered":"https:\/\/animamundiasturias.org\/?page_id=177"},"modified":"2024-05-24T07:39:11","modified_gmt":"2024-05-24T05:39:11","slug":"el-origen","status":"publish","type":"page","link":"https:\/\/animamundiasturias.org\/?page_id=177","title":{"rendered":""},"content":{"rendered":"\t\t<div data-elementor-type=\"wp-page\" data-elementor-id=\"177\" class=\"elementor elementor-177\">\n\t\t\t\t<div class=\"elementor-element elementor-element-a979949 e-flex e-con-boxed e-con e-parent\" data-id=\"a979949\" data-element_type=\"container\">\n\t\t\t\t\t<div class=\"e-con-inner\">\n\t\t\t\t<div class=\"elementor-element elementor-element-53a96ca elementor-widget elementor-widget-heading\" data-id=\"53a96ca\" data-element_type=\"widget\" data-widget_type=\"heading.default\">\n\t\t\t\t<div class=\"elementor-widget-container\">\n\t\t\t\t\t<h2 class=\"elementor-heading-title elementor-size-default\">Qu\u00e9 es Anima Mundi?<\/h2>\t\t\t\t<\/div>\n\t\t\t\t<\/div>\n\t\t\t\t\t<\/div>\n\t\t\t\t<\/div>\n\t\t<div class=\"elementor-element elementor-element-7883529 e-flex e-con-boxed e-con e-parent\" data-id=\"7883529\" data-element_type=\"container\">\n\t\t\t\t\t<div class=\"e-con-inner\">\n\t\t\t\t<div class=\"elementor-element elementor-element-a8faf41 elementor-widget elementor-widget-spacer\" data-id=\"a8faf41\" data-element_type=\"widget\" data-widget_type=\"spacer.default\">\n\t\t\t\t<div class=\"elementor-widget-container\">\n\t\t\t\t\t\t\t<div class=\"elementor-spacer\">\n\t\t\t<div class=\"elementor-spacer-inner\"><\/div>\n\t\t<\/div>\n\t\t\t\t\t\t<\/div>\n\t\t\t\t<\/div>\n\t\t\t\t<div class=\"elementor-element elementor-element-ebdc6a3 elementor-widget elementor-widget-heading\" data-id=\"ebdc6a3\" data-element_type=\"widget\" data-widget_type=\"heading.default\">\n\t\t\t\t<div class=\"elementor-widget-container\">\n\t\t\t\t\t<h1 class=\"elementor-heading-title elementor-size-default\">El origen de Anima Mundi<\/h1>\t\t\t\t<\/div>\n\t\t\t\t<\/div>\n\t\t\t\t<div class=\"elementor-element elementor-element-f4baf48 elementor-widget elementor-widget-spacer\" data-id=\"f4baf48\" data-element_type=\"widget\" data-widget_type=\"spacer.default\">\n\t\t\t\t<div class=\"elementor-widget-container\">\n\t\t\t\t\t\t\t<div class=\"elementor-spacer\">\n\t\t\t<div class=\"elementor-spacer-inner\"><\/div>\n\t\t<\/div>\n\t\t\t\t\t\t<\/div>\n\t\t\t\t<\/div>\n\t\t\t\t\t<\/div>\n\t\t\t\t<\/div>\n\t\t<div class=\"elementor-element elementor-element-e4d1b7a e-grid e-con-boxed e-con e-parent\" data-id=\"e4d1b7a\" data-element_type=\"container\">\n\t\t\t\t\t<div class=\"e-con-inner\">\n\t\t\t\t<div class=\"elementor-element elementor-element-e13e141 elementor-widget elementor-widget-text-editor\" data-id=\"e13e141\" data-element_type=\"widget\" data-widget_type=\"text-editor.default\">\n\t\t\t\t<div class=\"elementor-widget-container\">\n\t\t\t\t\t\t\t\t\t<div class=\"page\" title=\"Page 4\"><div class=\"layoutArea\"><div class=\"column\"><p>La asociacio\u0301n sin a\u0301nimo de lucro Anima Mundi nacio\u0301 en el concejo de Cabranes en el an\u0303o 2023 con el objetivo de poner en marcha la creacio\u0301n de un centro residencial para gente con diversidad funcional en el concejo. Nuestra ideologi\u0301a quiere romper con los paradigmas del cuidado de personas con diversidad funcional.<\/p><p>Existe hoy en di\u0301a la tendencia de apartar a estas personas (nuestras destinatarias) de la sociedad, para luego tener que buscar co\u0301mo cuidarlas de forma profesional.<\/p><p>Abogamos por unos cuidados donde se respete y se incentive la independencia de la persona en toda la medida de sus posibilidades, descartando aquellos cuidados que por sobreprotectores o por comodidad resultan disminuyendo su autonomi\u0301a. Evitando de esta manera que se convierta en un lastre econo\u0301mico para la sociedad.<\/p><\/div><\/div><\/div>\t\t\t\t\t\t\t\t<\/div>\n\t\t\t\t<\/div>\n\t\t\t\t<div class=\"elementor-element elementor-element-3d397a9 elementor-invisible elementor-widget elementor-widget-image\" data-id=\"3d397a9\" data-element_type=\"widget\" data-settings=\"{&quot;_animation&quot;:&quot;fadeInDown&quot;}\" data-widget_type=\"image.default\">\n\t\t\t\t<div class=\"elementor-widget-container\">\n\t\t\t\t\t\t\t\t\t\t\t\t<figure class=\"wp-caption\">\n\t\t\t\t\t\t\t\t\t\t<img fetchpriority=\"high\" decoding=\"async\" width=\"800\" height=\"486\" src=\"https:\/\/animamundiasturias.org\/wp-content\/uploads\/2024\/04\/Screenshot-2024-04-24-at-12.37.49-1024x622.png\" class=\"attachment-large size-large wp-image-190\" alt=\"\" srcset=\"https:\/\/animamundiasturias.org\/wp-content\/uploads\/2024\/04\/Screenshot-2024-04-24-at-12.37.49-1024x622.png 1024w, https:\/\/animamundiasturias.org\/wp-content\/uploads\/2024\/04\/Screenshot-2024-04-24-at-12.37.49-300x182.png 300w, https:\/\/animamundiasturias.org\/wp-content\/uploads\/2024\/04\/Screenshot-2024-04-24-at-12.37.49-768x466.png 768w, https:\/\/animamundiasturias.org\/wp-content\/uploads\/2024\/04\/Screenshot-2024-04-24-at-12.37.49.png 1436w\" sizes=\"(max-width: 800px) 100vw, 800px\" \/>\t\t\t\t\t\t\t\t\t\t\t<figcaption class=\"widget-image-caption wp-caption-text\">Emer Willet en el camino, foto de S. Herrero<\/figcaption>\n\t\t\t\t\t\t\t\t\t\t<\/figure>\n\t\t\t\t\t\t\t\t\t<\/div>\n\t\t\t\t<\/div>\n\t\t\t\t\t<\/div>\n\t\t\t\t<\/div>\n\t\t<div class=\"elementor-element elementor-element-635db65 e-con-full e-flex e-con e-parent\" data-id=\"635db65\" data-element_type=\"container\">\n\t\t\t\t<div class=\"elementor-element elementor-element-c912a73 elementor-widget elementor-widget-spacer\" data-id=\"c912a73\" data-element_type=\"widget\" data-widget_type=\"spacer.default\">\n\t\t\t\t<div class=\"elementor-widget-container\">\n\t\t\t\t\t\t\t<div class=\"elementor-spacer\">\n\t\t\t<div class=\"elementor-spacer-inner\"><\/div>\n\t\t<\/div>\n\t\t\t\t\t\t<\/div>\n\t\t\t\t<\/div>\n\t\t\t\t<\/div>\n\t\t<div class=\"elementor-element elementor-element-8706cf7 e-flex e-con-boxed e-con e-parent\" data-id=\"8706cf7\" data-element_type=\"container\">\n\t\t\t\t\t<div class=\"e-con-inner\">\n\t\t\t\t<div class=\"elementor-element elementor-element-fa75f9c elementor-widget elementor-widget-spacer\" data-id=\"fa75f9c\" data-element_type=\"widget\" data-widget_type=\"spacer.default\">\n\t\t\t\t<div class=\"elementor-widget-container\">\n\t\t\t\t\t\t\t<div class=\"elementor-spacer\">\n\t\t\t<div class=\"elementor-spacer-inner\"><\/div>\n\t\t<\/div>\n\t\t\t\t\t\t<\/div>\n\t\t\t\t<\/div>\n\t\t\t\t<div class=\"elementor-element elementor-element-9dd29b5 elementor-widget elementor-widget-heading\" data-id=\"9dd29b5\" data-element_type=\"widget\" data-settings=\"{&quot;_animation&quot;:&quot;none&quot;}\" data-widget_type=\"heading.default\">\n\t\t\t\t<div class=\"elementor-widget-container\">\n\t\t\t\t\t<h1 class=\"elementor-heading-title elementor-size-default\">Principios b\u00e1sicos<\/h1>\t\t\t\t<\/div>\n\t\t\t\t<\/div>\n\t\t\t\t<div class=\"elementor-element elementor-element-cee60b7 elementor-widget elementor-widget-spacer\" data-id=\"cee60b7\" data-element_type=\"widget\" data-widget_type=\"spacer.default\">\n\t\t\t\t<div class=\"elementor-widget-container\">\n\t\t\t\t\t\t\t<div class=\"elementor-spacer\">\n\t\t\t<div class=\"elementor-spacer-inner\"><\/div>\n\t\t<\/div>\n\t\t\t\t\t\t<\/div>\n\t\t\t\t<\/div>\n\t\t\t\t\t<\/div>\n\t\t\t\t<\/div>\n\t\t<div class=\"elementor-element elementor-element-5fbe64d e-grid e-con-boxed e-con e-parent\" data-id=\"5fbe64d\" data-element_type=\"container\">\n\t\t\t\t\t<div class=\"e-con-inner\">\n\t\t\t\t<div class=\"elementor-element elementor-element-20cfbec elementor-widget elementor-widget-image-box\" data-id=\"20cfbec\" data-element_type=\"widget\" data-widget_type=\"image-box.default\">\n\t\t\t\t<div class=\"elementor-widget-container\">\n\t\t\t\t\t<div class=\"elementor-image-box-wrapper\"><div class=\"elementor-image-box-content\"><h3 class=\"elementor-image-box-title\">Independencia<\/h3><p class=\"elementor-image-box-description\">Anima Mundi fomenta la idea de que cada persona, durante toda su vida, est\u00e1 en un proceso de desarrollo y aprendizaje. Donde la independencia de una persona se consigue mediante la experimentaci\u00f3n, a base de ensayo, prueba y error. Entonces el hecho de fallar no se convierte en traum\u00e1tico ni da\u00f1ino; es necesario para el aprendizaje y debe ser tratado\npor un equipo de apoyo que comulgue con la idea de trabajar desde la paciencia y el amor.<\/p><\/div><\/div>\t\t\t\t<\/div>\n\t\t\t\t<\/div>\n\t\t\t\t<div class=\"elementor-element elementor-element-0f6558b elementor-widget elementor-widget-image-box\" data-id=\"0f6558b\" data-element_type=\"widget\" data-widget_type=\"image-box.default\">\n\t\t\t\t<div class=\"elementor-widget-container\">\n\t\t\t\t\t<div class=\"elementor-image-box-wrapper\"><div class=\"elementor-image-box-content\"><h3 class=\"elementor-image-box-title\">Terapia<\/h3><p class=\"elementor-image-box-description\">Con la aplicaci\u00f3n de terapias creativas y en el entorno rural, en todas sus facetas agr\u00edcolas y ganaderas, existe el potencial de activar a las personas para convertir la apat\u00eda en una vida enriquecida.<\/p><\/div><\/div>\t\t\t\t<\/div>\n\t\t\t\t<\/div>\n\t\t\t\t<div class=\"elementor-element elementor-element-bbcfa36 elementor-widget elementor-widget-image-box\" data-id=\"bbcfa36\" data-element_type=\"widget\" data-widget_type=\"image-box.default\">\n\t\t\t\t<div class=\"elementor-widget-container\">\n\t\t\t\t\t<div class=\"elementor-image-box-wrapper\"><div class=\"elementor-image-box-content\"><h3 class=\"elementor-image-box-title\">Inclusi\u00f3n<\/h3><p class=\"elementor-image-box-description\">La inclusi\u00f3n es un pilar fundamental de nuestra filosof\u00eda. El proceso de inclusi\u00f3n es interactivo, desde la sociedad hacia la gente con diversidad y tambi\u00e9n de gente con diversidad hacia la sociedad. La creatividad y el amor son las herramientas para llegar a la verdadera inclusi\u00f3n.<\/p><\/div><\/div>\t\t\t\t<\/div>\n\t\t\t\t<\/div>\n\t\t\t\t<div class=\"elementor-element elementor-element-8677511 elementor-widget elementor-widget-image-box\" data-id=\"8677511\" data-element_type=\"widget\" data-widget_type=\"image-box.default\">\n\t\t\t\t<div class=\"elementor-widget-container\">\n\t\t\t\t\t<div class=\"elementor-image-box-wrapper\"><div class=\"elementor-image-box-content\"><h3 class=\"elementor-image-box-title\">Econom\u00eda Circular<\/h3><p class=\"elementor-image-box-description\">El centro funcionar\u00e1 a trav\u00e9s de la econom\u00eda circular. Esto significa que las actividades desarrolladas est\u00e1n enfocadas a generar econom\u00eda propia para la autogesti\u00f3n y de apoyo y sustento para la econom\u00eda local. Junto con el equipo eje, los usuarios trabajan para obtener productos que tienen valor real en el mercado. Los productos ser\u00e1n de origen alimentario, art\u00edstico (pl\u00e1stica, teatral, musical, etc.) que estar\u00e1n disponibles en el centro.<\/p><\/div><\/div>\t\t\t\t<\/div>\n\t\t\t\t<\/div>\n\t\t\t\t\t<\/div>\n\t\t\t\t<\/div>\n\t\t<div class=\"elementor-element elementor-element-29cea80 e-flex e-con-boxed e-con e-parent\" data-id=\"29cea80\" data-element_type=\"container\">\n\t\t\t\t\t<div class=\"e-con-inner\">\n\t\t\t\t<div class=\"elementor-element elementor-element-d0049d2 elementor-widget elementor-widget-spacer\" data-id=\"d0049d2\" data-element_type=\"widget\" data-widget_type=\"spacer.default\">\n\t\t\t\t<div class=\"elementor-widget-container\">\n\t\t\t\t\t\t\t<div class=\"elementor-spacer\">\n\t\t\t<div class=\"elementor-spacer-inner\"><\/div>\n\t\t<\/div>\n\t\t\t\t\t\t<\/div>\n\t\t\t\t<\/div>\n\t\t\t\t\t<\/div>\n\t\t\t\t<\/div>\n\t\t<div class=\"elementor-element elementor-element-0b775c0 e-grid e-con-full e-con e-parent\" data-id=\"0b775c0\" data-element_type=\"container\">\n\t\t\t\t<div class=\"elementor-element elementor-element-5fa60d7 elementor-widget elementor-widget-image\" data-id=\"5fa60d7\" data-element_type=\"widget\" data-settings=\"{&quot;_animation&quot;:&quot;none&quot;}\" data-widget_type=\"image.default\">\n\t\t\t\t<div class=\"elementor-widget-container\">\n\t\t\t\t\t\t\t\t\t\t\t\t<figure class=\"wp-caption\">\n\t\t\t\t\t\t\t\t\t\t<img decoding=\"async\" width=\"998\" height=\"596\" src=\"https:\/\/animamundiasturias.org\/wp-content\/uploads\/2024\/04\/Screenshot-2024-04-24-at-12.45.36.png\" class=\"attachment-full size-full wp-image-191\" alt=\"\" srcset=\"https:\/\/animamundiasturias.org\/wp-content\/uploads\/2024\/04\/Screenshot-2024-04-24-at-12.45.36.png 998w, https:\/\/animamundiasturias.org\/wp-content\/uploads\/2024\/04\/Screenshot-2024-04-24-at-12.45.36-300x179.png 300w, https:\/\/animamundiasturias.org\/wp-content\/uploads\/2024\/04\/Screenshot-2024-04-24-at-12.45.36-768x459.png 768w\" sizes=\"(max-width: 998px) 100vw, 998px\" \/>\t\t\t\t\t\t\t\t\t\t\t<figcaption class=\"widget-image-caption wp-caption-text\">Emer Willet: \u2018Good morning\u2019<\/figcaption>\n\t\t\t\t\t\t\t\t\t\t<\/figure>\n\t\t\t\t\t\t\t\t\t<\/div>\n\t\t\t\t<\/div>\n\t\t\t\t<div class=\"elementor-element elementor-element-1d4d980 elementor-widget elementor-widget-image\" data-id=\"1d4d980\" data-element_type=\"widget\" data-settings=\"{&quot;_animation&quot;:&quot;none&quot;}\" data-widget_type=\"image.default\">\n\t\t\t\t<div class=\"elementor-widget-container\">\n\t\t\t\t\t\t\t\t\t\t\t\t<figure class=\"wp-caption\">\n\t\t\t\t\t\t\t\t\t\t<img decoding=\"async\" width=\"616\" height=\"536\" src=\"https:\/\/animamundiasturias.org\/wp-content\/uploads\/2024\/05\/Emer-Willet_organizacion-social.png\" class=\"attachment-full size-full wp-image-723\" alt=\"\" srcset=\"https:\/\/animamundiasturias.org\/wp-content\/uploads\/2024\/05\/Emer-Willet_organizacion-social.png 616w, https:\/\/animamundiasturias.org\/wp-content\/uploads\/2024\/05\/Emer-Willet_organizacion-social-300x261.png 300w\" sizes=\"(max-width: 616px) 100vw, 616px\" \/>\t\t\t\t\t\t\t\t\t\t\t<figcaption class=\"widget-image-caption wp-caption-text\">Una organizaci\u00f3n social<\/figcaption>\n\t\t\t\t\t\t\t\t\t\t<\/figure>\n\t\t\t\t\t\t\t\t\t<\/div>\n\t\t\t\t<\/div>\n\t\t\t\t<\/div>\n\t\t<div class=\"elementor-element elementor-element-6f49487 e-flex e-con-boxed e-con e-parent\" data-id=\"6f49487\" data-element_type=\"container\">\n\t\t\t\t\t<div class=\"e-con-inner\">\n\t\t\t\t<div class=\"elementor-element elementor-element-7301e42 elementor-widget elementor-widget-spacer\" data-id=\"7301e42\" data-element_type=\"widget\" data-widget_type=\"spacer.default\">\n\t\t\t\t<div class=\"elementor-widget-container\">\n\t\t\t\t\t\t\t<div class=\"elementor-spacer\">\n\t\t\t<div class=\"elementor-spacer-inner\"><\/div>\n\t\t<\/div>\n\t\t\t\t\t\t<\/div>\n\t\t\t\t<\/div>\n\t\t\t\t\t<\/div>\n\t\t\t\t<\/div>\n\t\t\t\t<\/div>\n\t\t","protected":false},"excerpt":{"rendered":"<p>Qu\u00e9 es Anima Mundi? El origen de Anima Mundi La asociacio\u0301n sin a\u0301nimo de lucro Anima Mundi nacio\u0301 en el concejo de Cabranes en el an\u0303o 2023 con el objetivo de poner en marcha la creacio\u0301n de un centro residencial para gente con diversidad funcional en el concejo. Nuestra ideologi\u0301a quiere romper con los paradigmas [&hellip;]<\/p>\n","protected":false},"author":3,"featured_media":0,"parent":0,"menu_order":0,"comment_status":"closed","ping_status":"closed","template":"","meta":{"footnotes":""},"class_list":["post-177","page","type-page","status-publish","hentry"],"_links":{"self":[{"href":"https:\/\/animamundiasturias.org\/index.php?rest_route=\/wp\/v2\/pages\/177","targetHints":{"allow":["GET"]}}],"collection":[{"href":"https:\/\/animamundiasturias.org\/index.php?rest_route=\/wp\/v2\/pages"}],"about":[{"href":"https:\/\/animamundiasturias.org\/index.php?rest_route=\/wp\/v2\/types\/page"}],"author":[{"embeddable":true,"href":"https:\/\/animamundiasturias.org\/index.php?rest_route=\/wp\/v2\/users\/3"}],"replies":[{"embeddable":true,"href":"https:\/\/animamundiasturias.org\/index.php?rest_route=%2Fwp%2Fv2%2Fcomments&post=177"}],"version-history":[{"count":80,"href":"https:\/\/animamundiasturias.org\/index.php?rest_route=\/wp\/v2\/pages\/177\/revisions"}],"predecessor-version":[{"id":776,"href":"https:\/\/animamundiasturias.org\/index.php?rest_route=\/wp\/v2\/pages\/177\/revisions\/776"}],"wp:attachment":[{"href":"https:\/\/animamundiasturias.org\/index.php?rest_route=%2Fwp%2Fv2%2Fmedia&parent=177"}],"curies":[{"name":"wp","href":"https:\/\/api.w.org\/{rel}","templated":true}]}}