{"id":92,"date":"2024-04-24T11:39:22","date_gmt":"2024-04-24T09:39:22","guid":{"rendered":"https:\/\/animamundiasturias.org\/?page_id=92"},"modified":"2025-09-21T23:37:47","modified_gmt":"2025-09-21T21:37:47","slug":"contacto","status":"publish","type":"page","link":"https:\/\/animamundiasturias.org\/?page_id=92","title":{"rendered":"Contacto"},"content":{"rendered":"\t\t<div data-elementor-type=\"wp-page\" data-elementor-id=\"92\" class=\"elementor elementor-92\">\n\t\t\t\t<div class=\"elementor-element elementor-element-6ceda3e e-flex e-con-boxed e-con e-parent\" data-id=\"6ceda3e\" data-element_type=\"container\">\n\t\t\t\t\t<div class=\"e-con-inner\">\n\t\t\t\t<div class=\"elementor-element elementor-element-2efefc50 elementor-widget elementor-widget-heading\" data-id=\"2efefc50\" data-element_type=\"widget\" data-widget_type=\"heading.default\">\n\t\t\t\t<div class=\"elementor-widget-container\">\n\t\t\t\t\t<h1 class=\"elementor-heading-title elementor-size-default\">Cont\u00e1ctanos!<\/h1>\t\t\t\t<\/div>\n\t\t\t\t<\/div>\n\t\t\t\t\t<\/div>\n\t\t\t\t<\/div>\n\t\t<div class=\"elementor-element elementor-element-687a89c3 e-con-full e-flex e-con e-parent\" data-id=\"687a89c3\" data-element_type=\"container\">\n\t\t<div class=\"elementor-element elementor-element-5d406b18 e-con-full e-flex e-con e-child\" data-id=\"5d406b18\" data-element_type=\"container\">\n\t\t<div class=\"elementor-element elementor-element-acb4f3c e-con-full e-flex e-con e-child\" data-id=\"acb4f3c\" data-element_type=\"container\">\n\t\t\t\t<div class=\"elementor-element elementor-element-ec71d11 elementor-widget__width-initial elementor-widget elementor-widget-text-editor\" data-id=\"ec71d11\" data-element_type=\"widget\" data-widget_type=\"text-editor.default\">\n\t\t\t\t<div class=\"elementor-widget-container\">\n\t\t\t\t\t\t\t\t\t<div class=\"page\" title=\"Page 14\"><div class=\"page\" title=\"Page 1\"><div class=\"section\"><div class=\"layoutArea\"><div class=\"column\"><p><span style=\"text-decoration: underline;\">ASOCIACI\u00d3N:<\/span> <br \/>Anima Mundi Asturias CIF: G13815394<br \/><span style=\"text-decoration: underline;\"><br \/>DIRECCI\u00d3N:<\/span> <br \/>Tresbernaldo 154 Bospolin 33310 Cabranes Asturias<br \/><br \/>Presidente: Rens Willet; tel: 0034 644804815 <br \/>Secretaria: Anacelia Alvares <span style=\"text-decoration: underline;\"><br \/><\/span>Tesorera: Marta Francisco <span style=\"text-decoration: underline;\"><br \/><\/span>Vocal: Laura Fuertes<\/p><p><span style=\"text-decoration: underline;\">CORREOS: <\/span><br \/>info@animamundiasturias.org communicacion@animamundiasturias.org<\/p><p><span style=\"text-decoration: underline;\">REDES SOCIALES:<br \/><\/span>Facebook: Anima Mundi Asturias<br \/>Instagram: @animamundiasturias<br \/><br \/><span style=\"text-decoration: underline;\">CUENTA BANCARIA:<\/span><\/p><ul><li><p>IBAN: ES12 3059 0046 1539 2249 9722<\/p><\/li><li><p>BIC: BCOEESMM059<\/p><\/li><\/ul><\/div><\/div><\/div><\/div><div class=\"layoutArea\"><div class=\"column\"><p>\u00a0<\/p><\/div><\/div><\/div>\t\t\t\t\t\t\t\t<\/div>\n\t\t\t\t<\/div>\n\t\t\t\t<div class=\"elementor-element elementor-element-0ab8c3a elementor-shape-circle elementor-grid-0 e-grid-align-center elementor-widget elementor-widget-social-icons\" data-id=\"0ab8c3a\" data-element_type=\"widget\" data-widget_type=\"social-icons.default\">\n\t\t\t\t<div class=\"elementor-widget-container\">\n\t\t\t\t\t\t\t<div class=\"elementor-social-icons-wrapper elementor-grid\" role=\"list\">\n\t\t\t\t\t\t\t<span class=\"elementor-grid-item\" role=\"listitem\">\n\t\t\t\t\t<a class=\"elementor-icon elementor-social-icon elementor-social-icon-facebook elementor-repeater-item-b6b365e\" href=\"https:\/\/www.facebook.com\/profile.php?id=61559936271445\" target=\"_blank\">\n\t\t\t\t\t\t<span class=\"elementor-screen-only\">Facebook<\/span>\n\t\t\t\t\t\t<svg aria-hidden=\"true\" class=\"e-font-icon-svg e-fab-facebook\" viewBox=\"0 0 512 512\" xmlns=\"http:\/\/www.w3.org\/2000\/svg\"><path d=\"M504 256C504 119 393 8 256 8S8 119 8 256c0 123.78 90.69 226.38 209.25 245V327.69h-63V256h63v-54.64c0-62.15 37-96.48 93.67-96.48 27.14 0 55.52 4.84 55.52 4.84v61h-31.28c-30.8 0-40.41 19.12-40.41 38.73V256h68.78l-11 71.69h-57.78V501C413.31 482.38 504 379.78 504 256z\"><\/path><\/svg>\t\t\t\t\t<\/a>\n\t\t\t\t<\/span>\n\t\t\t\t\t\t\t<span class=\"elementor-grid-item\" role=\"listitem\">\n\t\t\t\t\t<a class=\"elementor-icon elementor-social-icon elementor-social-icon-instagram elementor-repeater-item-9601603\" href=\"https:\/\/www.instagram.com\/animamundi_asturias\/\" target=\"_blank\">\n\t\t\t\t\t\t<span class=\"elementor-screen-only\">Instagram<\/span>\n\t\t\t\t\t\t<svg aria-hidden=\"true\" class=\"e-font-icon-svg e-fab-instagram\" viewBox=\"0 0 448 512\" xmlns=\"http:\/\/www.w3.org\/2000\/svg\"><path d=\"M224.1 141c-63.6 0-114.9 51.3-114.9 114.9s51.3 114.9 114.9 114.9S339 319.5 339 255.9 287.7 141 224.1 141zm0 189.6c-41.1 0-74.7-33.5-74.7-74.7s33.5-74.7 74.7-74.7 74.7 33.5 74.7 74.7-33.6 74.7-74.7 74.7zm146.4-194.3c0 14.9-12 26.8-26.8 26.8-14.9 0-26.8-12-26.8-26.8s12-26.8 26.8-26.8 26.8 12 26.8 26.8zm76.1 27.2c-1.7-35.9-9.9-67.7-36.2-93.9-26.2-26.2-58-34.4-93.9-36.2-37-2.1-147.9-2.1-184.9 0-35.8 1.7-67.6 9.9-93.9 36.1s-34.4 58-36.2 93.9c-2.1 37-2.1 147.9 0 184.9 1.7 35.9 9.9 67.7 36.2 93.9s58 34.4 93.9 36.2c37 2.1 147.9 2.1 184.9 0 35.9-1.7 67.7-9.9 93.9-36.2 26.2-26.2 34.4-58 36.2-93.9 2.1-37 2.1-147.8 0-184.8zM398.8 388c-7.8 19.6-22.9 34.7-42.6 42.6-29.5 11.7-99.5 9-132.1 9s-102.7 2.6-132.1-9c-19.6-7.8-34.7-22.9-42.6-42.6-11.7-29.5-9-99.5-9-132.1s-2.6-102.7 9-132.1c7.8-19.6 22.9-34.7 42.6-42.6 29.5-11.7 99.5-9 132.1-9s102.7-2.6 132.1 9c19.6 7.8 34.7 22.9 42.6 42.6 11.7 29.5 9 99.5 9 132.1s2.7 102.7-9 132.1z\"><\/path><\/svg>\t\t\t\t\t<\/a>\n\t\t\t\t<\/span>\n\t\t\t\t\t\t\t<span class=\"elementor-grid-item\" role=\"listitem\">\n\t\t\t\t\t<a class=\"elementor-icon elementor-social-icon elementor-social-icon-envelope elementor-repeater-item-566db2b\" href=\"http:\/\/info@animamundiasturias.org\" target=\"_blank\">\n\t\t\t\t\t\t<span class=\"elementor-screen-only\">Envelope<\/span>\n\t\t\t\t\t\t<svg aria-hidden=\"true\" class=\"e-font-icon-svg e-fas-envelope\" viewBox=\"0 0 512 512\" xmlns=\"http:\/\/www.w3.org\/2000\/svg\"><path d=\"M502.3 190.8c3.9-3.1 9.7-.2 9.7 4.7V400c0 26.5-21.5 48-48 48H48c-26.5 0-48-21.5-48-48V195.6c0-5 5.7-7.8 9.7-4.7 22.4 17.4 52.1 39.5 154.1 113.6 21.1 15.4 56.7 47.8 92.2 47.6 35.7.3 72-32.8 92.3-47.6 102-74.1 131.6-96.3 154-113.7zM256 320c23.2.4 56.6-29.2 73.4-41.4 132.7-96.3 142.8-104.7 173.4-128.7 5.8-4.5 9.2-11.5 9.2-18.9v-19c0-26.5-21.5-48-48-48H48C21.5 64 0 85.5 0 112v19c0 7.4 3.4 14.3 9.2 18.9 30.6 23.9 40.7 32.4 173.4 128.7 16.8 12.2 50.2 41.8 73.4 41.4z\"><\/path><\/svg>\t\t\t\t\t<\/a>\n\t\t\t\t<\/span>\n\t\t\t\t\t<\/div>\n\t\t\t\t\t\t<\/div>\n\t\t\t\t<\/div>\n\t\t\t\t<\/div>\n\t\t\t\t<\/div>\n\t\t<div class=\"elementor-element elementor-element-2aca51fb e-con-full e-flex e-con e-child\" data-id=\"2aca51fb\" data-element_type=\"container\" data-settings=\"{&quot;background_background&quot;:&quot;classic&quot;}\">\n\t\t\t\t<\/div>\n\t\t\t\t<\/div>\n\t\t<div class=\"elementor-element elementor-element-d26180e e-flex e-con-boxed e-con e-parent\" data-id=\"d26180e\" data-element_type=\"container\">\n\t\t\t\t\t<div class=\"e-con-inner\">\n\t\t\t\t<div class=\"elementor-element elementor-element-ba4ae0b elementor-widget elementor-widget-spacer\" data-id=\"ba4ae0b\" data-element_type=\"widget\" data-widget_type=\"spacer.default\">\n\t\t\t\t<div class=\"elementor-widget-container\">\n\t\t\t\t\t\t\t<div class=\"elementor-spacer\">\n\t\t\t<div class=\"elementor-spacer-inner\"><\/div>\n\t\t<\/div>\n\t\t\t\t\t\t<\/div>\n\t\t\t\t<\/div>\n\t\t\t\t\t<\/div>\n\t\t\t\t<\/div>\n\t\t\t\t<\/div>\n\t\t","protected":false},"excerpt":{"rendered":"<p>Cont\u00e1ctanos! ASOCIACI\u00d3N: Anima Mundi Asturias CIF: G13815394 DIRECCI\u00d3N: Tresbernaldo 154 Bospolin 33310 Cabranes Asturias Presidente: Rens Willet; tel: 0034 644804815 Secretaria: Anacelia Alvares Tesorera: Marta Francisco Vocal: Laura Fuertes CORREOS: info@animamundiasturias.org communicacion@animamundiasturias.org REDES SOCIALES:Facebook: Anima Mundi AsturiasInstagram: @animamundiasturias CUENTA BANCARIA: IBAN: ES12 3059 0046 1539 2249 9722 BIC: BCOEESMM059 \u00a0 Facebook Instagram Envelope<\/p>\n","protected":false},"author":3,"featured_media":97,"parent":0,"menu_order":0,"comment_status":"closed","ping_status":"closed","template":"elementor_header_footer","meta":{"footnotes":""},"class_list":["post-92","page","type-page","status-publish","has-post-thumbnail","hentry"],"_links":{"self":[{"href":"https:\/\/animamundiasturias.org\/index.php?rest_route=\/wp\/v2\/pages\/92","targetHints":{"allow":["GET"]}}],"collection":[{"href":"https:\/\/animamundiasturias.org\/index.php?rest_route=\/wp\/v2\/pages"}],"about":[{"href":"https:\/\/animamundiasturias.org\/index.php?rest_route=\/wp\/v2\/types\/page"}],"author":[{"embeddable":true,"href":"https:\/\/animamundiasturias.org\/index.php?rest_route=\/wp\/v2\/users\/3"}],"replies":[{"embeddable":true,"href":"https:\/\/animamundiasturias.org\/index.php?rest_route=%2Fwp%2Fv2%2Fcomments&post=92"}],"version-history":[{"count":59,"href":"https:\/\/animamundiasturias.org\/index.php?rest_route=\/wp\/v2\/pages\/92\/revisions"}],"predecessor-version":[{"id":1239,"href":"https:\/\/animamundiasturias.org\/index.php?rest_route=\/wp\/v2\/pages\/92\/revisions\/1239"}],"wp:featuredmedia":[{"embeddable":true,"href":"https:\/\/animamundiasturias.org\/index.php?rest_route=\/wp\/v2\/media\/97"}],"wp:attachment":[{"href":"https:\/\/animamundiasturias.org\/index.php?rest_route=%2Fwp%2Fv2%2Fmedia&parent=92"}],"curies":[{"name":"wp","href":"https:\/\/api.w.org\/{rel}","templated":true}]}}