{"id":98,"date":"2024-04-24T11:39:23","date_gmt":"2024-04-24T09:39:23","guid":{"rendered":"https:\/\/animamundiasturias.org\/?page_id=98"},"modified":"2025-09-10T00:19:29","modified_gmt":"2025-09-09T22:19:29","slug":"festival","status":"publish","type":"page","link":"https:\/\/animamundiasturias.org\/?page_id=98","title":{"rendered":"El Festival"},"content":{"rendered":"\t\t<div data-elementor-type=\"wp-page\" data-elementor-id=\"98\" class=\"elementor elementor-98\">\n\t\t\t\t<div class=\"elementor-element elementor-element-747d66a e-con-full e-flex e-con e-parent\" data-id=\"747d66a\" data-element_type=\"container\">\n\t\t<div class=\"elementor-element elementor-element-efbcf16 e-con-full e-flex e-con e-child\" data-id=\"efbcf16\" data-element_type=\"container\">\n\t\t\t\t<div class=\"elementor-element elementor-element-52d8e92 elementor-widget elementor-widget-heading\" data-id=\"52d8e92\" data-element_type=\"widget\" data-widget_type=\"heading.default\">\n\t\t\t\t<div class=\"elementor-widget-container\">\n\t\t\t\t\t<h1 class=\"elementor-heading-title elementor-size-default\">Bienvenido al Festival Anima Mundi\n<\/h1>\t\t\t\t<\/div>\n\t\t\t\t<\/div>\n\t\t\t\t<div class=\"elementor-element elementor-element-893dccc elementor-widget elementor-widget-text-editor\" data-id=\"893dccc\" data-element_type=\"widget\" data-widget_type=\"text-editor.default\">\n\t\t\t\t<div class=\"elementor-widget-container\">\n\t\t\t\t\t\t\t\t\t<p>Los d\u00edas 12, 13 y 14 de septiembre, Santolaya de Cabranes se transforma. Te ofrecemos tres d\u00edas de convivencia y creatividad con una programaci\u00f3n pensada para el disfrute y la participaci\u00f3n.<\/p>\t\t\t\t\t\t\t\t<\/div>\n\t\t\t\t<\/div>\n\t\t\t\t<div class=\"elementor-element elementor-element-1da4263 elementor-widget elementor-widget-image\" data-id=\"1da4263\" data-element_type=\"widget\" data-widget_type=\"image.default\">\n\t\t\t\t<div class=\"elementor-widget-container\">\n\t\t\t\t\t\t\t\t\t\t\t\t\t\t\t<img fetchpriority=\"high\" decoding=\"async\" width=\"800\" height=\"500\" src=\"https:\/\/animamundiasturias.org\/wp-content\/uploads\/2025\/09\/Festival-Anima-Mundi-2025-1024x640.png\" class=\"attachment-large size-large wp-image-1072\" alt=\"\" srcset=\"https:\/\/animamundiasturias.org\/wp-content\/uploads\/2025\/09\/Festival-Anima-Mundi-2025-1024x640.png 1024w, https:\/\/animamundiasturias.org\/wp-content\/uploads\/2025\/09\/Festival-Anima-Mundi-2025-300x188.png 300w, https:\/\/animamundiasturias.org\/wp-content\/uploads\/2025\/09\/Festival-Anima-Mundi-2025-768x480.png 768w, https:\/\/animamundiasturias.org\/wp-content\/uploads\/2025\/09\/Festival-Anima-Mundi-2025.png 1440w\" sizes=\"(max-width: 800px) 100vw, 800px\" \/>\t\t\t\t\t\t\t\t\t\t\t\t\t\t\t<\/div>\n\t\t\t\t<\/div>\n\t\t\t\t<div class=\"elementor-element elementor-element-a77f613 elementor-align-center elementor-widget__width-initial elementor-invisible elementor-widget elementor-widget-button\" data-id=\"a77f613\" data-element_type=\"widget\" data-settings=\"{&quot;_animation&quot;:&quot;fadeInDown&quot;}\" data-widget_type=\"button.default\">\n\t\t\t\t<div class=\"elementor-widget-container\">\n\t\t\t\t\t\t\t\t\t<div class=\"elementor-button-wrapper\">\n\t\t\t\t\t<a class=\"elementor-button elementor-button-link elementor-size-sm\" href=\"https:\/\/entradium.com\/events\/festival-anima-mundi\" id=\"festival-6-septiembre\">\n\t\t\t\t\t\t<span class=\"elementor-button-content-wrapper\">\n\t\t\t\t\t\t\t\t\t<span class=\"elementor-button-text\">\u00a1Compra Tu Abono Ahora!*<\/span>\n\t\t\t\t\t<\/span>\n\t\t\t\t\t<\/a>\n\t\t\t\t<\/div>\n\t\t\t\t\t\t\t\t<\/div>\n\t\t\t\t<\/div>\n\t\t\t\t<\/div>\n\t\t<div class=\"elementor-element elementor-element-c37f98b e-con-full e-flex e-con e-child\" data-id=\"c37f98b\" data-element_type=\"container\">\n\t\t\t\t<div class=\"elementor-element elementor-element-65ff7f5 elementor-widget elementor-widget-spacer\" data-id=\"65ff7f5\" data-element_type=\"widget\" data-widget_type=\"spacer.default\">\n\t\t\t\t<div class=\"elementor-widget-container\">\n\t\t\t\t\t\t\t<div class=\"elementor-spacer\">\n\t\t\t<div class=\"elementor-spacer-inner\"><\/div>\n\t\t<\/div>\n\t\t\t\t\t\t<\/div>\n\t\t\t\t<\/div>\n\t\t\t\t<\/div>\n\t\t\t\t<\/div>\n\t\t<div class=\"elementor-element elementor-element-e89d497 e-con-full e-flex e-con e-parent\" data-id=\"e89d497\" data-element_type=\"container\">\n\t\t\t\t<div class=\"elementor-element elementor-element-cacfab9 elementor-widget elementor-widget-text-editor\" data-id=\"cacfab9\" data-element_type=\"widget\" data-widget_type=\"text-editor.default\">\n\t\t\t\t<div class=\"elementor-widget-container\">\n\t\t\t\t\t\t\t\t\t<p>* <em><span class=\"HwtZe\" lang=\"es\"><span class=\"jCAhz ChMk0b\"><span class=\"ryNqvb\">\u00a1Hasta 14 a\u00f1os la entrada es gratuita!<\/span><\/span><\/span><\/em><\/p>\t\t\t\t\t\t\t\t<\/div>\n\t\t\t\t<\/div>\n\t\t\t\t<div class=\"elementor-element elementor-element-34f79cd elementor-widget elementor-widget-spacer\" data-id=\"34f79cd\" data-element_type=\"widget\" data-widget_type=\"spacer.default\">\n\t\t\t\t<div class=\"elementor-widget-container\">\n\t\t\t\t\t\t\t<div class=\"elementor-spacer\">\n\t\t\t<div class=\"elementor-spacer-inner\"><\/div>\n\t\t<\/div>\n\t\t\t\t\t\t<\/div>\n\t\t\t\t<\/div>\n\t\t\t\t<\/div>\n\t\t<div class=\"elementor-element elementor-element-37b66b8 e-flex e-con-boxed e-con e-parent\" data-id=\"37b66b8\" data-element_type=\"container\">\n\t\t\t\t\t<div class=\"e-con-inner\">\n\t\t<div class=\"elementor-element elementor-element-feeb151 e-con-full e-flex e-con e-child\" data-id=\"feeb151\" data-element_type=\"container\">\n\t\t\t\t<div class=\"elementor-element elementor-element-9ca04d8 elementor-widget elementor-widget-heading\" data-id=\"9ca04d8\" data-element_type=\"widget\" data-widget_type=\"heading.default\">\n\t\t\t\t<div class=\"elementor-widget-container\">\n\t\t\t\t\t<h2 class=\"elementor-heading-title elementor-size-default\">Tu entrada es mucho m\u00e1s que un ticket. \n\nEs un ladrillo.<\/h2>\t\t\t\t<\/div>\n\t\t\t\t<\/div>\n\t\t\t\t<div class=\"elementor-element elementor-element-cea4f31 elementor-widget elementor-widget-image\" data-id=\"cea4f31\" data-element_type=\"widget\" data-widget_type=\"image.default\">\n\t\t\t\t<div class=\"elementor-widget-container\">\n\t\t\t\t\t\t\t\t\t\t\t\t\t\t\t<img decoding=\"async\" width=\"1194\" height=\"1064\" src=\"https:\/\/animamundiasturias.org\/wp-content\/uploads\/2024\/05\/Screenshot-2024-05-08-at-19.08.19.png\" class=\"attachment-full size-full wp-image-331\" alt=\"\" srcset=\"https:\/\/animamundiasturias.org\/wp-content\/uploads\/2024\/05\/Screenshot-2024-05-08-at-19.08.19.png 1194w, https:\/\/animamundiasturias.org\/wp-content\/uploads\/2024\/05\/Screenshot-2024-05-08-at-19.08.19-300x267.png 300w, https:\/\/animamundiasturias.org\/wp-content\/uploads\/2024\/05\/Screenshot-2024-05-08-at-19.08.19-1024x913.png 1024w, https:\/\/animamundiasturias.org\/wp-content\/uploads\/2024\/05\/Screenshot-2024-05-08-at-19.08.19-768x684.png 768w\" sizes=\"(max-width: 1194px) 100vw, 1194px\" \/>\t\t\t\t\t\t\t\t\t\t\t\t\t\t\t<\/div>\n\t\t\t\t<\/div>\n\t\t\t\t<\/div>\n\t\t<div class=\"elementor-element elementor-element-081efc8 e-con-full e-flex e-con e-child\" data-id=\"081efc8\" data-element_type=\"container\">\n\t\t\t\t<div class=\"elementor-element elementor-element-420cfbf elementor-widget elementor-widget-text-editor\" data-id=\"420cfbf\" data-element_type=\"widget\" data-widget_type=\"text-editor.default\">\n\t\t\t\t<div class=\"elementor-widget-container\">\n\t\t\t\t\t\t\t\t\t<p><span style=\"color: #000000;\">\ud83c\udfa8 <\/span><span style=\"text-decoration: underline;\">Talleres para Crear y Sentir:<\/span><br \/>Mancha tus manos en nuestro taller de pintura colaborativa y vive la experiencia del raku, descubre tu payaso interior en el taller de clown, libera tu cuerpo con la danza, crea tu propia camiseta con la serigraf\u00eda o encuentra tu voz en el taller de escritura creativa&#8230;<\/p><p><span style=\"color: #000000;\">\ud83c\udfb6 <\/span><span style=\"text-decoration: underline;\">Desde A.M. te traemos m\u00fasica para el alma y espect\u00e1culos que inspiran:<\/span><br \/>Disfruta de la m\u00fasica en directo, brinca hasta el amanecer con nuestros DJ&#8217;s, y d\u00e9jate maravillar por los espect\u00e1culos de circo, clown, danza comunitaria&#8230;<br \/>Tenemos un buen pu\u00f1ado de sorpresas para sumergirnos juntxs en la magia del colectivo<\/p><p>\u2764\ufe0f <span style=\"text-decoration: underline;\">Convivencia, Naturaleza y Cuidado:<\/span><br \/>Disfruta de nuestra zona de acampada bajo las estrellas, saborea comida rica y bebida artesana, y rel\u00e1jate en nuestra \u00abZona de Baja Estimulaci\u00f3n\u00bb, un espacio de calma pensado para el bienestar de todos. Porque la inclusi\u00f3n es cuidar cada detalle.<\/p>\t\t\t\t\t\t\t\t<\/div>\n\t\t\t\t<\/div>\n\t\t\t\t<div class=\"elementor-element elementor-element-2f014c3 elementor-align-center elementor-invisible elementor-widget elementor-widget-button\" data-id=\"2f014c3\" data-element_type=\"widget\" data-settings=\"{&quot;_animation&quot;:&quot;fadeInDown&quot;}\" data-widget_type=\"button.default\">\n\t\t\t\t<div class=\"elementor-widget-container\">\n\t\t\t\t\t\t\t\t\t<div class=\"elementor-button-wrapper\">\n\t\t\t\t\t<a class=\"elementor-button elementor-button-link elementor-size-sm\" href=\"https:\/\/animamundiasturias.org\/?page_id=1098\" id=\"festival-6-septiembre\">\n\t\t\t\t\t\t<span class=\"elementor-button-content-wrapper\">\n\t\t\t\t\t\t\t\t\t<span class=\"elementor-button-text\">M\u00e1s sobre La programaci\u00f3n<\/span>\n\t\t\t\t\t<\/span>\n\t\t\t\t\t<\/a>\n\t\t\t\t<\/div>\n\t\t\t\t\t\t\t\t<\/div>\n\t\t\t\t<\/div>\n\t\t\t\t<\/div>\n\t\t\t\t\t<\/div>\n\t\t\t\t<\/div>\n\t\t<div class=\"elementor-element elementor-element-01467ce e-flex e-con-boxed e-con e-parent\" data-id=\"01467ce\" data-element_type=\"container\">\n\t\t\t\t\t<div class=\"e-con-inner\">\n\t\t\t\t<div class=\"elementor-element elementor-element-60df711 elementor-widget elementor-widget-spacer\" data-id=\"60df711\" data-element_type=\"widget\" data-widget_type=\"spacer.default\">\n\t\t\t\t<div class=\"elementor-widget-container\">\n\t\t\t\t\t\t\t<div class=\"elementor-spacer\">\n\t\t\t<div class=\"elementor-spacer-inner\"><\/div>\n\t\t<\/div>\n\t\t\t\t\t\t<\/div>\n\t\t\t\t<\/div>\n\t\t\t\t\t<\/div>\n\t\t\t\t<\/div>\n\t\t<div class=\"elementor-element elementor-element-2c6af14 e-flex e-con-boxed e-con e-parent\" data-id=\"2c6af14\" data-element_type=\"container\">\n\t\t\t\t\t<div class=\"e-con-inner\">\n\t\t<div class=\"elementor-element elementor-element-59ccb80 e-con-full e-flex e-con e-child\" data-id=\"59ccb80\" data-element_type=\"container\">\n\t\t\t\t<div class=\"elementor-element elementor-element-7b4b533 elementor-widget elementor-widget-text-editor\" data-id=\"7b4b533\" data-element_type=\"widget\" data-widget_type=\"text-editor.default\">\n\t\t\t\t<div class=\"elementor-widget-container\">\n\t\t\t\t\t\t\t\t\t<p>El Festival \u00c1nima Mundi es un evento 100% ben\u00e9fico.<\/p><p>Cada euro recaudado se destina \u00edntegramente a nuestro gran sue\u00f1o: <b>la construcci\u00f3n de un centro ocupacional y de d\u00eda para personas con diversidad funcional en Asturias.<\/b> Un proyecto pionero basado en el poder transformador del arte y la agricultura para fomentar la autonom\u00eda, la dignidad y el desarrollo personal.<\/p><p>Cuando compras tu abono, no est\u00e1s pagando por un festival. Est\u00e1s invirtiendo en un futuro m\u00e1s justo. Est\u00e1s construyendo un hogar.<\/p><p><em><span class=\"HwtZe\" lang=\"es\"><span class=\"jCAhz ChMk0b\"><span class=\"ryNqvb\">\u00a1Hasta 14 a\u00f1os la entrada es gratuita!<\/span><\/span><\/span><\/em><\/p>\t\t\t\t\t\t\t\t<\/div>\n\t\t\t\t<\/div>\n\t\t\t\t<div class=\"elementor-element elementor-element-4689638 elementor-widget elementor-widget-heading\" data-id=\"4689638\" data-element_type=\"widget\" data-widget_type=\"heading.default\">\n\t\t\t\t<div class=\"elementor-widget-container\">\n\t\t\t\t\t<h2 class=\"elementor-heading-title elementor-size-default\">Forma parte del sue\u00f1o. Compra tu entrada.<\/h2>\t\t\t\t<\/div>\n\t\t\t\t<\/div>\n\t\t\t\t<div class=\"elementor-element elementor-element-0688ae8 elementor-align-center elementor-invisible elementor-widget elementor-widget-button\" data-id=\"0688ae8\" data-element_type=\"widget\" data-settings=\"{&quot;_animation&quot;:&quot;fadeInDown&quot;}\" data-widget_type=\"button.default\">\n\t\t\t\t<div class=\"elementor-widget-container\">\n\t\t\t\t\t\t\t\t\t<div class=\"elementor-button-wrapper\">\n\t\t\t\t\t<a class=\"elementor-button elementor-button-link elementor-size-sm\" href=\"https:\/\/entradium.com\/events\/festival-anima-mundi\" id=\"festival-6-septiembre\">\n\t\t\t\t\t\t<span class=\"elementor-button-content-wrapper\">\n\t\t\t\t\t\t\t\t\t<span class=\"elementor-button-text\">\u00a1Compra Tu Abono Ahora!<\/span>\n\t\t\t\t\t<\/span>\n\t\t\t\t\t<\/a>\n\t\t\t\t<\/div>\n\t\t\t\t\t\t\t\t<\/div>\n\t\t\t\t<\/div>\n\t\t\t\t<div class=\"elementor-element elementor-element-049e39a elementor-widget elementor-widget-spacer\" data-id=\"049e39a\" data-element_type=\"widget\" data-widget_type=\"spacer.default\">\n\t\t\t\t<div class=\"elementor-widget-container\">\n\t\t\t\t\t\t\t<div class=\"elementor-spacer\">\n\t\t\t<div class=\"elementor-spacer-inner\"><\/div>\n\t\t<\/div>\n\t\t\t\t\t\t<\/div>\n\t\t\t\t<\/div>\n\t\t\t\t<\/div>\n\t\t<div class=\"elementor-element elementor-element-b3dc105 e-con-full e-flex e-con e-child\" data-id=\"b3dc105\" data-element_type=\"container\">\n\t\t\t\t<div class=\"elementor-element elementor-element-31b6a1e elementor-widget elementor-widget-image\" data-id=\"31b6a1e\" data-element_type=\"widget\" data-widget_type=\"image.default\">\n\t\t\t\t<div class=\"elementor-widget-container\">\n\t\t\t\t\t\t\t\t\t\t\t\t\t\t\t<img decoding=\"async\" width=\"648\" height=\"649\" src=\"https:\/\/animamundiasturias.org\/wp-content\/uploads\/2025\/09\/Screenshot-2025-09-08-at-16.22.23.png\" class=\"attachment-large size-large wp-image-1185\" alt=\"\" srcset=\"https:\/\/animamundiasturias.org\/wp-content\/uploads\/2025\/09\/Screenshot-2025-09-08-at-16.22.23.png 648w, https:\/\/animamundiasturias.org\/wp-content\/uploads\/2025\/09\/Screenshot-2025-09-08-at-16.22.23-300x300.png 300w, https:\/\/animamundiasturias.org\/wp-content\/uploads\/2025\/09\/Screenshot-2025-09-08-at-16.22.23-150x150.png 150w\" sizes=\"(max-width: 648px) 100vw, 648px\" \/>\t\t\t\t\t\t\t\t\t\t\t\t\t\t\t<\/div>\n\t\t\t\t<\/div>\n\t\t\t\t<div class=\"elementor-element elementor-element-91e8a85 elementor-widget elementor-widget-spacer\" data-id=\"91e8a85\" data-element_type=\"widget\" data-widget_type=\"spacer.default\">\n\t\t\t\t<div class=\"elementor-widget-container\">\n\t\t\t\t\t\t\t<div class=\"elementor-spacer\">\n\t\t\t<div class=\"elementor-spacer-inner\"><\/div>\n\t\t<\/div>\n\t\t\t\t\t\t<\/div>\n\t\t\t\t<\/div>\n\t\t\t\t<\/div>\n\t\t\t\t\t<\/div>\n\t\t\t\t<\/div>\n\t\t<div class=\"elementor-element elementor-element-46e8420 e-flex e-con-boxed e-con e-parent\" data-id=\"46e8420\" data-element_type=\"container\">\n\t\t\t\t\t<div class=\"e-con-inner\">\n\t\t<div class=\"elementor-element elementor-element-7d162a5 e-con-full e-flex e-con e-child\" data-id=\"7d162a5\" data-element_type=\"container\">\n\t\t\t\t<div class=\"elementor-element elementor-element-768f9c0 elementor-widget elementor-widget-image\" data-id=\"768f9c0\" data-element_type=\"widget\" data-widget_type=\"image.default\">\n\t\t\t\t<div class=\"elementor-widget-container\">\n\t\t\t\t\t\t\t\t\t\t\t\t\t\t\t<img loading=\"lazy\" decoding=\"async\" width=\"800\" height=\"486\" src=\"https:\/\/animamundiasturias.org\/wp-content\/uploads\/2024\/04\/Screenshot-2024-04-24-at-12.37.49-1024x622.png\" class=\"attachment-large size-large wp-image-190\" alt=\"\" srcset=\"https:\/\/animamundiasturias.org\/wp-content\/uploads\/2024\/04\/Screenshot-2024-04-24-at-12.37.49-1024x622.png 1024w, https:\/\/animamundiasturias.org\/wp-content\/uploads\/2024\/04\/Screenshot-2024-04-24-at-12.37.49-300x182.png 300w, https:\/\/animamundiasturias.org\/wp-content\/uploads\/2024\/04\/Screenshot-2024-04-24-at-12.37.49-768x466.png 768w, https:\/\/animamundiasturias.org\/wp-content\/uploads\/2024\/04\/Screenshot-2024-04-24-at-12.37.49.png 1436w\" sizes=\"(max-width: 800px) 100vw, 800px\" \/>\t\t\t\t\t\t\t\t\t\t\t\t\t\t\t<\/div>\n\t\t\t\t<\/div>\n\t\t\t\t<div class=\"elementor-element elementor-element-9fb4fca elementor-widget elementor-widget-heading\" data-id=\"9fb4fca\" data-element_type=\"widget\" data-widget_type=\"heading.default\">\n\t\t\t\t<div class=\"elementor-widget-container\">\n\t\t\t\t\t<h2 class=\"elementor-heading-title elementor-size-default\">No te quedes fuera. La Magia es real y te est\u00e1 esperando.<\/h2>\t\t\t\t<\/div>\n\t\t\t\t<\/div>\n\t\t\t\t<div class=\"elementor-element elementor-element-5dcd0f3 elementor-widget__width-initial elementor-widget elementor-widget-text-editor\" data-id=\"5dcd0f3\" data-element_type=\"widget\" data-widget_type=\"text-editor.default\">\n\t\t\t\t<div class=\"elementor-widget-container\">\n\t\t\t\t\t\t\t\t\t<p>Las plazas son limitadas. Queremos que el Festival \u00c1nima Mundi siga siendo un espacio cercano, \u00edntimo y aut\u00e9ntico. Una experiencia donde puedas conectar de verdad. <b>Asegura tu sitio en esta aventura. No dejes que te lo cuenten.<\/b><\/p>\t\t\t\t\t\t\t\t<\/div>\n\t\t\t\t<\/div>\n\t\t\t\t<\/div>\n\t\t<div class=\"elementor-element elementor-element-2ee1fea e-con-full e-flex e-con e-child\" data-id=\"2ee1fea\" data-element_type=\"container\">\n\t\t\t\t<div class=\"elementor-element elementor-element-80a4012 elementor-widget elementor-widget-heading\" data-id=\"80a4012\" data-element_type=\"widget\" data-widget_type=\"heading.default\">\n\t\t\t\t<div class=\"elementor-widget-container\">\n\t\t\t\t\t<h2 class=\"elementor-heading-title elementor-size-default\">Todo lo que necesitas saber<\/h2>\t\t\t\t<\/div>\n\t\t\t\t<\/div>\n\t\t\t\t<div class=\"elementor-element elementor-element-856cdf7 elementor-widget elementor-widget-text-editor\" data-id=\"856cdf7\" data-element_type=\"widget\" data-widget_type=\"text-editor.default\">\n\t\t\t\t<div class=\"elementor-widget-container\">\n\t\t\t\t\t\t\t\t\t<ul><li><p><span style=\"text-decoration: underline;\">\u00bfCu\u00e1ndo es el festival?<\/span><br \/>Los d\u00edas 12, 13 y 14 de septiembre de 2025.<\/p><\/li><li><p><span style=\"text-decoration: underline;\">D\u00f3nde se celebra?<\/span><br \/>En <a href=\"https:\/\/maps.app.goo.gl\/ZEDMaqxBEkQiJFTG8\">Santolaya de Cabranes<\/a>, Asturias. Un entorno natural privilegiado en la Comarca de la Sidra.\u00a0<\/p><\/li><li><p><span style=\"text-decoration: underline;\">\u00bfPuedo dormir all\u00ed?<\/span><br \/>\u00a1S\u00ed! Tu abono de 3 d\u00edas incluye el acceso a la zona de acampada. Solo tienes que traer tu tienda, saco de dormir y ganas de disfrutar.<\/p><\/li><li><p><span style=\"text-decoration: underline;\">\u00bfEs un buen plan para ir con ni\u00f1os?<\/span><br \/>\u00a1Absolutamente! Es un plan familiar perfecto. El ambiente es seguro y tranquilo, y muchos de los talleres y espect\u00e1culos est\u00e1n pensados para todas las edades. Adem\u00e1s, nuestra \u00abZona de Baja Estimulaci\u00f3n\u00bb es ideal si los peques (o los no tan peques) necesitan un respiro.<\/p><\/li><li><p><span style=\"text-decoration: underline;\">\u00bfQu\u00e9 deber\u00eda llevar?<\/span><br \/>Ropa c\u00f3moda y de abrigo para las noches, calzado adecuado para el campo (\u00a1unas katiuskas nunca est\u00e1n de m\u00e1s en Asturias!), tu tienda de campa\u00f1a, saco de dormir, linterna, y sobre todo, una mente abierta y tu mejor energ\u00eda.<\/p><\/li><\/ul>\t\t\t\t\t\t\t\t<\/div>\n\t\t\t\t<\/div>\n\t\t\t\t<div class=\"elementor-element elementor-element-eccd921 elementor-widget elementor-widget-spacer\" data-id=\"eccd921\" data-element_type=\"widget\" data-widget_type=\"spacer.default\">\n\t\t\t\t<div class=\"elementor-widget-container\">\n\t\t\t\t\t\t\t<div class=\"elementor-spacer\">\n\t\t\t<div class=\"elementor-spacer-inner\"><\/div>\n\t\t<\/div>\n\t\t\t\t\t\t<\/div>\n\t\t\t\t<\/div>\n\t\t\t\t<\/div>\n\t\t\t\t\t<\/div>\n\t\t\t\t<\/div>\n\t\t<div class=\"elementor-element elementor-element-4759409 e-flex e-con-boxed e-con e-parent\" data-id=\"4759409\" data-element_type=\"container\">\n\t\t\t\t\t<div class=\"e-con-inner\">\n\t\t\t\t<div class=\"elementor-element elementor-element-0134e8d elementor-widget elementor-widget-spacer\" data-id=\"0134e8d\" data-element_type=\"widget\" data-widget_type=\"spacer.default\">\n\t\t\t\t<div class=\"elementor-widget-container\">\n\t\t\t\t\t\t\t<div class=\"elementor-spacer\">\n\t\t\t<div class=\"elementor-spacer-inner\"><\/div>\n\t\t<\/div>\n\t\t\t\t\t\t<\/div>\n\t\t\t\t<\/div>\n\t\t\t\t<div class=\"elementor-element elementor-element-1462d76 elementor-align-justify elementor-invisible elementor-widget elementor-widget-button\" data-id=\"1462d76\" data-element_type=\"widget\" data-settings=\"{&quot;_animation&quot;:&quot;fadeInDown&quot;}\" data-widget_type=\"button.default\">\n\t\t\t\t<div class=\"elementor-widget-container\">\n\t\t\t\t\t\t\t\t\t<div class=\"elementor-button-wrapper\">\n\t\t\t\t\t<a class=\"elementor-button elementor-button-link elementor-size-sm\" href=\"https:\/\/entradium.com\/events\/festival-anima-mundi\" id=\"festival-6-septiembre\">\n\t\t\t\t\t\t<span class=\"elementor-button-content-wrapper\">\n\t\t\t\t\t\t\t\t\t<span class=\"elementor-button-text\">\u00a1Compra Tu Abono Ahora!<\/span>\n\t\t\t\t\t<\/span>\n\t\t\t\t\t<\/a>\n\t\t\t\t<\/div>\n\t\t\t\t\t\t\t\t<\/div>\n\t\t\t\t<\/div>\n\t\t\t\t\t<\/div>\n\t\t\t\t<\/div>\n\t\t\t\t<\/div>\n\t\t","protected":false},"excerpt":{"rendered":"<p>Bienvenido al Festival Anima Mundi Los d\u00edas 12, 13 y 14 de septiembre, Santolaya de Cabranes se transforma. Te ofrecemos tres d\u00edas de convivencia y creatividad con una programaci\u00f3n pensada para el disfrute y la participaci\u00f3n. \u00a1Compra Tu Abono Ahora!* * \u00a1Hasta 14 a\u00f1os la entrada es gratuita! Tu entrada es mucho m\u00e1s que un [&hellip;]<\/p>\n","protected":false},"author":3,"featured_media":111,"parent":0,"menu_order":0,"comment_status":"closed","ping_status":"closed","template":"elementor_header_footer","meta":{"footnotes":""},"class_list":["post-98","page","type-page","status-publish","has-post-thumbnail","hentry"],"_links":{"self":[{"href":"https:\/\/animamundiasturias.org\/index.php?rest_route=\/wp\/v2\/pages\/98","targetHints":{"allow":["GET"]}}],"collection":[{"href":"https:\/\/animamundiasturias.org\/index.php?rest_route=\/wp\/v2\/pages"}],"about":[{"href":"https:\/\/animamundiasturias.org\/index.php?rest_route=\/wp\/v2\/types\/page"}],"author":[{"embeddable":true,"href":"https:\/\/animamundiasturias.org\/index.php?rest_route=\/wp\/v2\/users\/3"}],"replies":[{"embeddable":true,"href":"https:\/\/animamundiasturias.org\/index.php?rest_route=%2Fwp%2Fv2%2Fcomments&post=98"}],"version-history":[{"count":98,"href":"https:\/\/animamundiasturias.org\/index.php?rest_route=\/wp\/v2\/pages\/98\/revisions"}],"predecessor-version":[{"id":1221,"href":"https:\/\/animamundiasturias.org\/index.php?rest_route=\/wp\/v2\/pages\/98\/revisions\/1221"}],"wp:featuredmedia":[{"embeddable":true,"href":"https:\/\/animamundiasturias.org\/index.php?rest_route=\/wp\/v2\/media\/111"}],"wp:attachment":[{"href":"https:\/\/animamundiasturias.org\/index.php?rest_route=%2Fwp%2Fv2%2Fmedia&parent=98"}],"curies":[{"name":"wp","href":"https:\/\/api.w.org\/{rel}","templated":true}]}}